{"id":226478,"date":"2025-07-11T11:36:19","date_gmt":"2025-07-11T11:36:19","guid":{"rendered":"https:\/\/climalife.com\/product\/next-gpl-min\/"},"modified":"2026-03-04T10:56:45","modified_gmt":"2026-03-04T10:56:45","slug":"next-gpl-min","status":"publish","type":"product","link":"https:\/\/climalife.com\/ro\/product\/next-gpl-min\/","title":{"rendered":"NEXT GPL MIN"},"content":{"rendered":"<p>Aplica\u021bii<\/p>\n<ul>\n<li>Compresoare cu piston<\/li>\n<li>Compresoare cu \u0219urub rotativ<\/li>\n<li>Turbine cu gaz<\/li>\n<\/ul>\n<p>Disponibil \u00een:<\/p>\n<ul>\n<li>NEXT GPL MIN 100<\/li>\n<\/ul>\n<p>Pentru alte grade de v\u00e2scozitate, consulta\u021bi-ne.<\/p>\n","protected":false},"excerpt":{"rendered":"<p>NEXT GPL MIN este un ulei pentru compresoare de gaz care combin\u0103 uleiuri minerale hidrotratate \u0219i aditivi avansa\u021bi. GPL MIN poate fi utilizat at\u00e2t \u00een gaze cu hidrocarburi grele, c\u00e2t \u0219i \u00een gaze cu hidrocarburi u\u0219oare. Pachetul s\u0103u avansat de aditivi permite, de asemenea, utilizarea cu fluxuri de gaz care con\u021bin gaze reactive.<\/p>\n<p>GPL MIN ofer\u0103, de asemenea, caracteristici excelente de separare a apei, ceea ce face ca acest ulei s\u0103 fie o alegere excelent\u0103 pentru fluxurile de gaz cu con\u021binut ridicat de ap\u0103.<\/p>\n","protected":false},"featured_media":226550,"comment_status":"closed","ping_status":"closed","template":"","meta":[],"countries":[4674,4709,4756,4813,4831,4862],"product_brand":[],"product_cat":[9953,9962,13131,9351],"product_tag":[],"class_list":{"0":"post-226478","1":"product","2":"type-product","3":"status-publish","4":"has-post-thumbnail","6":"countries-by","7":"countries-cu","8":"countries-ir","9":"countries-kp","10":"countries-ru","11":"countries-sy","12":"product_cat-cladiri","13":"product_cat-energie","14":"product_cat-refrigerare","15":"product_cat-uleiuri-minerale","16":"pa_packaging-butoi-208-l-ro-49","17":"pa_packaging-canistra-20-l-ro-174","19":"first","20":"instock","21":"shipping-taxable","22":"purchasable","23":"product-type-variable"},"_links":{"self":[{"href":"https:\/\/climalife.com\/ro\/wp-json\/wp\/v2\/product\/226478","targetHints":{"allow":["GET"]}}],"collection":[{"href":"https:\/\/climalife.com\/ro\/wp-json\/wp\/v2\/product"}],"about":[{"href":"https:\/\/climalife.com\/ro\/wp-json\/wp\/v2\/types\/product"}],"replies":[{"embeddable":true,"href":"https:\/\/climalife.com\/ro\/wp-json\/wp\/v2\/comments?post=226478"}],"wp:featuredmedia":[{"embeddable":true,"href":"https:\/\/climalife.com\/ro\/wp-json\/wp\/v2\/media\/226550"}],"wp:attachment":[{"href":"https:\/\/climalife.com\/ro\/wp-json\/wp\/v2\/media?parent=226478"}],"wp:term":[{"taxonomy":"countries","embeddable":true,"href":"https:\/\/climalife.com\/ro\/wp-json\/wp\/v2\/countries?post=226478"},{"taxonomy":"product_brand","embeddable":true,"href":"https:\/\/climalife.com\/ro\/wp-json\/wp\/v2\/product_brand?post=226478"},{"taxonomy":"product_cat","embeddable":true,"href":"https:\/\/climalife.com\/ro\/wp-json\/wp\/v2\/product_cat?post=226478"},{"taxonomy":"product_tag","embeddable":true,"href":"https:\/\/climalife.com\/ro\/wp-json\/wp\/v2\/product_tag?post=226478"}],"curies":[{"name":"wp","href":"https:\/\/api.w.org\/{rel}","templated":true}]}}