{"id":226480,"date":"2025-07-11T11:37:32","date_gmt":"2025-07-11T11:37:32","guid":{"rendered":"https:\/\/climalife.com\/product\/next-gpl-pag-eo\/"},"modified":"2025-08-14T14:04:37","modified_gmt":"2025-08-14T14:04:37","slug":"next-gpl-pag-eo","status":"publish","type":"product","link":"https:\/\/climalife.com\/ro\/product\/next-gpl-pag-eo\/","title":{"rendered":"NEXT GPL PAG-EO"},"content":{"rendered":"<p>Aplica\u021bii:<\/p>\n<ul>\n<li>Compresoare cu piston<\/li>\n<li>Compresoare cu \u0219urub rotativ<\/li>\n<li>Compresoare pentru gaze hidrocarbonate<\/li>\n<li>Pompe de c\u0103ldur\u0103 \u0219i sisteme de refrigerare cu hidrocarburi<\/li>\n<\/ul>\n<p>Disponibil \u00een:<\/p>\n<ul>\n<li>NEXT GPL PAG-EO 32<\/li>\n<\/ul>\n<p>Pentru alte grade de v\u00e2scozitate, consulta\u021bi-ne.<\/p>\n","protected":false},"excerpt":{"rendered":"<p>NEXT GPL PAG-EO este un ulei pentru compresoare de gaz pe baz\u0103 de polietilenglicol (PEG) care asigur\u0103 o diluare neglijabil\u0103 cu gaze hidrocarbonate.<\/p>\n<p>GPL PAG-EO nu prezint\u0103 practic nicio miscibilitate cu gazele hidrocarbonate \u0219i reduce pierderile de ulei \u00een aval. GPL PAG-EO este o formul\u0103 extrem de stabil\u0103 \u0219i rezist\u0103 la acumularea de carbon \u0219i lacuri.<\/p>\n","protected":false},"featured_media":226548,"comment_status":"closed","ping_status":"closed","template":"","meta":[],"countries":[4674,4709,4756,4813,4831,4862],"product_brand":[],"product_cat":[9962,9944,9998,13450],"product_tag":[],"class_list":{"0":"post-226480","1":"product","2":"type-product","3":"status-publish","4":"has-post-thumbnail","6":"countries-by","7":"countries-cu","8":"countries-ir","9":"countries-kp","10":"countries-ru","11":"countries-sy","12":"product_cat-energie","13":"product_cat-sector-agroalimentar","14":"product_cat-alte-industrii","15":"product_cat-pag-ro","16":"pa_packaging-butoi-208-l-ro-49","17":"pa_packaging-canistra-20-l-ro-174","19":"first","20":"instock","21":"shipping-taxable","22":"purchasable","23":"product-type-variable"},"_links":{"self":[{"href":"https:\/\/climalife.com\/ro\/wp-json\/wp\/v2\/product\/226480","targetHints":{"allow":["GET"]}}],"collection":[{"href":"https:\/\/climalife.com\/ro\/wp-json\/wp\/v2\/product"}],"about":[{"href":"https:\/\/climalife.com\/ro\/wp-json\/wp\/v2\/types\/product"}],"replies":[{"embeddable":true,"href":"https:\/\/climalife.com\/ro\/wp-json\/wp\/v2\/comments?post=226480"}],"wp:featuredmedia":[{"embeddable":true,"href":"https:\/\/climalife.com\/ro\/wp-json\/wp\/v2\/media\/226548"}],"wp:attachment":[{"href":"https:\/\/climalife.com\/ro\/wp-json\/wp\/v2\/media?parent=226480"}],"wp:term":[{"taxonomy":"countries","embeddable":true,"href":"https:\/\/climalife.com\/ro\/wp-json\/wp\/v2\/countries?post=226480"},{"taxonomy":"product_brand","embeddable":true,"href":"https:\/\/climalife.com\/ro\/wp-json\/wp\/v2\/product_brand?post=226480"},{"taxonomy":"product_cat","embeddable":true,"href":"https:\/\/climalife.com\/ro\/wp-json\/wp\/v2\/product_cat?post=226480"},{"taxonomy":"product_tag","embeddable":true,"href":"https:\/\/climalife.com\/ro\/wp-json\/wp\/v2\/product_tag?post=226480"}],"curies":[{"name":"wp","href":"https:\/\/api.w.org\/{rel}","templated":true}]}}