{"id":226482,"date":"2025-07-11T11:38:52","date_gmt":"2025-07-11T11:38:52","guid":{"rendered":"https:\/\/climalife.com\/product\/next-gpl-pao-fg\/"},"modified":"2025-08-14T13:53:21","modified_gmt":"2025-08-14T13:53:21","slug":"next-gpl-pao-fg","status":"publish","type":"product","link":"https:\/\/climalife.com\/ro\/product\/next-gpl-pao-fg\/","title":{"rendered":"NEXT GPL PAO-FG"},"content":{"rendered":"<p>Aplica\u021bii:<\/p>\n<ul>\n<li>Compresoare cu piston<\/li>\n<li>Compresoare cu \u0219urub rotativ<\/li>\n<li>Compresoare centrifugale<\/li>\n<\/ul>\n<p>Disponibil \u00een:<\/p>\n<ul>\n<li>NEXT GPL PAO-FG 68<\/li>\n<\/ul>\n<p>Pentru alte grade de v\u00e2scozitate, consulta\u021bi-ne.<\/p>\n","protected":false},"excerpt":{"rendered":"<p>NEXT GPL PAO-FG este un lubrifiant pentru compresia gazelor pe baz\u0103 de polialfaolefin\u0103 de calitate alimentar\u0103, formulat pentru utilizarea \u00een aplica\u021bii \u00een care este posibil contactul accidental cu alimentele.<\/p>\n<p>Ideal pentru aplica\u021bii de compresie CO<sub>2<\/sub>, GPL PAO-FG are un indice de v\u00e2scozitate extrem de ridicat \u0219i un punct de curgere foarte sc\u0103zut, permi\u021b\u00e2nd func\u021bionarea \u00eentr-un interval larg de temperaturi.<\/p>\n<p>GPL PAO-FG con\u021bine, de asemenea, aditivi robusti care protejeaz\u0103 \u00eempotriva ruginii, coroziunii \u0219i oxid\u0103rii. Aceasta asigur\u0103 protec\u021bia componentelor esen\u021biale \u0219i garanteaz\u0103 o durat\u0103 lung\u0103 de via\u021b\u0103 a uleiului, chiar \u0219i \u00een condi\u021bii de func\u021bionare dificile.<\/p>\n","protected":false},"featured_media":226546,"comment_status":"closed","ping_status":"closed","template":"","meta":[],"countries":[4674,4709,4756,4813,4831,4862],"product_brand":[],"product_cat":[9944,13131,13459],"product_tag":[],"class_list":{"0":"post-226482","1":"product","2":"type-product","3":"status-publish","4":"has-post-thumbnail","6":"countries-by","7":"countries-cu","8":"countries-ir","9":"countries-kp","10":"countries-ru","11":"countries-sy","12":"product_cat-sector-agroalimentar","13":"product_cat-refrigerare","14":"product_cat-pao-ro","15":"pa_packaging-20-l-can-en-174","16":"pa_packaging-208-l-barrel-en-49","18":"first","19":"instock","20":"shipping-taxable","21":"purchasable","22":"product-type-variable"},"_links":{"self":[{"href":"https:\/\/climalife.com\/ro\/wp-json\/wp\/v2\/product\/226482","targetHints":{"allow":["GET"]}}],"collection":[{"href":"https:\/\/climalife.com\/ro\/wp-json\/wp\/v2\/product"}],"about":[{"href":"https:\/\/climalife.com\/ro\/wp-json\/wp\/v2\/types\/product"}],"replies":[{"embeddable":true,"href":"https:\/\/climalife.com\/ro\/wp-json\/wp\/v2\/comments?post=226482"}],"wp:featuredmedia":[{"embeddable":true,"href":"https:\/\/climalife.com\/ro\/wp-json\/wp\/v2\/media\/226546"}],"wp:attachment":[{"href":"https:\/\/climalife.com\/ro\/wp-json\/wp\/v2\/media?parent=226482"}],"wp:term":[{"taxonomy":"countries","embeddable":true,"href":"https:\/\/climalife.com\/ro\/wp-json\/wp\/v2\/countries?post=226482"},{"taxonomy":"product_brand","embeddable":true,"href":"https:\/\/climalife.com\/ro\/wp-json\/wp\/v2\/product_brand?post=226482"},{"taxonomy":"product_cat","embeddable":true,"href":"https:\/\/climalife.com\/ro\/wp-json\/wp\/v2\/product_cat?post=226482"},{"taxonomy":"product_tag","embeddable":true,"href":"https:\/\/climalife.com\/ro\/wp-json\/wp\/v2\/product_tag?post=226482"}],"curies":[{"name":"wp","href":"https:\/\/api.w.org\/{rel}","templated":true}]}}