{"id":226484,"date":"2025-07-11T11:40:17","date_gmt":"2025-07-11T11:40:17","guid":{"rendered":"https:\/\/climalife.com\/product\/next-gpl-pag-series\/"},"modified":"2025-08-14T13:31:51","modified_gmt":"2025-08-14T13:31:51","slug":"next-gpl-pag-series","status":"publish","type":"product","link":"https:\/\/climalife.com\/ro\/product\/next-gpl-pag-series\/","title":{"rendered":"Gama NEXT GPL PAG"},"content":{"rendered":"<p>Aplica\u021bii:<\/p>\n<ul>\n<li>Compresoare cu piston<\/li>\n<li>Compresoare cu \u0219urub rotativ<\/li>\n<li>Compresoare pentru gaze hidrocarburi<\/li>\n<li>Pompe de c\u0103ldur\u0103 \u0219i sisteme de refrigerare cu hidrocarburi<\/li>\n<\/ul>\n<p>Disponibil \u00een:<\/p>\n<ul>\n<li>NEXT GPL PAG 68<\/li>\n<li>NEXT GPL PAG 100<\/li>\n<li>NEXT GPL PAG 220<\/li>\n<\/ul>\n<p>Pentru alte grade de v\u00e2scozitate, consulta\u021bi-ne.<\/p>\n","protected":false},"excerpt":{"rendered":"<p>NEXT GPL PAG este o formul\u0103 pe baz\u0103 de polipropilen\u0103 (PO) \u0219i glicol, ideal\u0103 pentru utilizarea cu hidrocarburi u\u0219oare.<\/p>\n<p>GPL PAG ofer\u0103 o eficien\u021b\u0103 sporit\u0103, o lubrifiere excelent\u0103 \u0219i rate de diluare mai mici cu gazele hidrocarburi, \u00een compara\u021bie cu lubrifian\u021bii pe baz\u0103 de uleiuri minerale sau PAO.<\/p>\n","protected":false},"featured_media":226544,"comment_status":"closed","ping_status":"closed","template":"","meta":[],"countries":[4674,4709,4756,4813,4831,4862],"product_brand":[],"product_cat":[9962,9944,9998,13131,13450],"product_tag":[],"class_list":{"0":"post-226484","1":"product","2":"type-product","3":"status-publish","4":"has-post-thumbnail","6":"countries-by","7":"countries-cu","8":"countries-ir","9":"countries-kp","10":"countries-ru","11":"countries-sy","12":"product_cat-energie","13":"product_cat-sector-agroalimentar","14":"product_cat-alte-industrii","15":"product_cat-refrigerare","16":"product_cat-pag-ro","17":"pa_packaging-butoi-208-l-ro-49","18":"pa_packaging-canistra-20-l-ro-174","19":"pa_packaging-canistra-de-5-l-ro-35","21":"first","22":"instock","23":"shipping-taxable","24":"purchasable","25":"product-type-variable"},"_links":{"self":[{"href":"https:\/\/climalife.com\/ro\/wp-json\/wp\/v2\/product\/226484","targetHints":{"allow":["GET"]}}],"collection":[{"href":"https:\/\/climalife.com\/ro\/wp-json\/wp\/v2\/product"}],"about":[{"href":"https:\/\/climalife.com\/ro\/wp-json\/wp\/v2\/types\/product"}],"replies":[{"embeddable":true,"href":"https:\/\/climalife.com\/ro\/wp-json\/wp\/v2\/comments?post=226484"}],"wp:featuredmedia":[{"embeddable":true,"href":"https:\/\/climalife.com\/ro\/wp-json\/wp\/v2\/media\/226544"}],"wp:attachment":[{"href":"https:\/\/climalife.com\/ro\/wp-json\/wp\/v2\/media?parent=226484"}],"wp:term":[{"taxonomy":"countries","embeddable":true,"href":"https:\/\/climalife.com\/ro\/wp-json\/wp\/v2\/countries?post=226484"},{"taxonomy":"product_brand","embeddable":true,"href":"https:\/\/climalife.com\/ro\/wp-json\/wp\/v2\/product_brand?post=226484"},{"taxonomy":"product_cat","embeddable":true,"href":"https:\/\/climalife.com\/ro\/wp-json\/wp\/v2\/product_cat?post=226484"},{"taxonomy":"product_tag","embeddable":true,"href":"https:\/\/climalife.com\/ro\/wp-json\/wp\/v2\/product_tag?post=226484"}],"curies":[{"name":"wp","href":"https:\/\/api.w.org\/{rel}","templated":true}]}}