{"id":230014,"date":"2025-12-30T08:43:59","date_gmt":"2025-12-30T08:43:59","guid":{"rendered":"https:\/\/climalife.com\/product\/next-717-syn\/"},"modified":"2026-03-04T17:24:33","modified_gmt":"2026-03-04T17:24:33","slug":"next-717-syn","status":"publish","type":"product","link":"https:\/\/climalife.com\/ro\/product\/next-717-syn\/","title":{"rendered":"NEXT 717-SYN"},"content":{"rendered":"<p>Aplica\u021bii:<\/p>\n<ul>\n<li>Compresoare cu pistoane<\/li>\n<li>Compresoare cu \u0219urub rotativ<\/li>\n<li>\u00cen aplica\u021bii care func\u021bioneaz\u0103 p\u00e2n\u0103 la -57 \u00b0C<\/li>\n<\/ul>\n<p>Disponibil \u00een:<\/p>\n<ul>\n<li>NEXT 717-68-SYN<\/li>\n<\/ul>\n","protected":false},"excerpt":{"rendered":"<p>NEXT SYN 717-68 este un ulei pentru compresoare pe baz\u0103 de polialfaolefin\u0103 (PAO) care a fost special formulat pentru utilizarea \u00een sisteme de refrigerare cu amoniac la temperaturi ultra-sc\u0103zute. Prin utilizarea uleiurilor de baz\u0103 PAO extrem de stabile, SYN 717-68 va oferi rate de transfer de ulei mai mici dec\u00e2t uleiul mineral, precum \u0219i formul\u0103ri compuse din amestecuri PAO\/AB.<\/p>\n<p>Aceast\u0103 formul\u0103 este ideal\u0103 pentru sistemele care func\u021bioneaz\u0103 la temperaturi sc\u0103zute sau pentru sistemele care au probleme cu returul uleiului.<\/p>\n","protected":false},"featured_media":228157,"comment_status":"closed","ping_status":"closed","template":"","meta":[],"countries":[],"product_brand":[],"product_cat":[9962,9944,9998,13131,13459],"product_tag":[],"class_list":{"0":"post-230014","1":"product","2":"type-product","3":"status-publish","4":"has-post-thumbnail","6":"product_cat-energie","7":"product_cat-sector-agroalimentar","8":"product_cat-alte-industrii","9":"product_cat-refrigerare","10":"product_cat-pao-ro","11":"pa_packaging-butoi-208-l-ro-49","12":"pa_packaging-canistra-de-19-l-ro-336","14":"first","15":"instock","16":"shipping-taxable","17":"purchasable","18":"product-type-variable"},"_links":{"self":[{"href":"https:\/\/climalife.com\/ro\/wp-json\/wp\/v2\/product\/230014","targetHints":{"allow":["GET"]}}],"collection":[{"href":"https:\/\/climalife.com\/ro\/wp-json\/wp\/v2\/product"}],"about":[{"href":"https:\/\/climalife.com\/ro\/wp-json\/wp\/v2\/types\/product"}],"replies":[{"embeddable":true,"href":"https:\/\/climalife.com\/ro\/wp-json\/wp\/v2\/comments?post=230014"}],"wp:featuredmedia":[{"embeddable":true,"href":"https:\/\/climalife.com\/ro\/wp-json\/wp\/v2\/media\/228157"}],"wp:attachment":[{"href":"https:\/\/climalife.com\/ro\/wp-json\/wp\/v2\/media?parent=230014"}],"wp:term":[{"taxonomy":"countries","embeddable":true,"href":"https:\/\/climalife.com\/ro\/wp-json\/wp\/v2\/countries?post=230014"},{"taxonomy":"product_brand","embeddable":true,"href":"https:\/\/climalife.com\/ro\/wp-json\/wp\/v2\/product_brand?post=230014"},{"taxonomy":"product_cat","embeddable":true,"href":"https:\/\/climalife.com\/ro\/wp-json\/wp\/v2\/product_cat?post=230014"},{"taxonomy":"product_tag","embeddable":true,"href":"https:\/\/climalife.com\/ro\/wp-json\/wp\/v2\/product_tag?post=230014"}],"curies":[{"name":"wp","href":"https:\/\/api.w.org\/{rel}","templated":true}]}}