{"id":183697,"date":"2007-12-28T16:35:02","date_gmt":"2007-12-28T16:35:02","guid":{"rendered":"http:\/\/climalife.com\/climalife-recrute\/"},"modified":"2022-10-05T06:32:25","modified_gmt":"2022-10-05T06:32:25","slug":"climalife-recrute","status":"publish","type":"page","link":"https:\/\/climalife.com\/ru\/climalife-recrute\/","title":{"rendered":"Climalife recrute"},"content":{"rendered":"<p><b>Bienvenue sur l&#8217;espace Ressources Humaines de CLIMALIFE <\/b><\/p>\n<p><b><span class=\"bleu\">Rejoindre Climalife, c&#8217;est participer au d\u00e9veloppement d&#8217;un acteur majeur sur le march\u00e9 du froid et de la climatisation en Europe.<\/span><\/b><br \/>Venez contribuer \u00e0 l&#8217;essor du groupe Dehon (500 collaborateurs dont 150 dans les filiales \u00e9trang\u00e8res), sp\u00e9cialiste international dans la Chimie de Performance.<\/p>\n<p><b>Soucieux du respect de l&#8217;environnement<\/b>, <b>nous pla\u00e7ons l&#8217;homme au centre de nos pr\u00e9occupations et regroupons de multiples m\u00e9tiers tels que :<\/b><br \/>&#8211; responsables de secteurs commerciaux au sein de nos diff\u00e9rentes soci\u00e9t\u00e9s commerciales (CLIMALIFE,INVENTEC et SMB)<br \/>&#8211; assistant(e)s commercial(e)s et administration des ventes<br \/>&#8211; ing\u00e9nieurs, techniciens et op\u00e9rateurs chimistes<br \/>&#8211; sp\u00e9cialistes de la logistique, maintenance, ing\u00e9nierie pour nos soci\u00e9t\u00e9s d&#8217;exploitation (CREALIS, UMBS)<br \/>&#8211; cont\u00f4leurs de gestion, comptables, informaticiens, juristes &#8230; au sein de GESTIMAT <\/p>\n<p>N&#8217;h\u00e9sitez pas \u00e0 nous adresser vos candidatures par e-mail \u00e0 l&#8217;adresse suivante :&nbsp;&nbsp;&nbsp; &nbsp;&nbsp;&nbsp; <a href=\"mailto:srh.recrutement@dehon.com\" class=\"fleche_orange\" mce_href=\"mailto:srh.recrutement@dehon.com\">srh.recrutement@dehon.com<\/a><\/p>\n<p><span >POSTES A POURVOIR AU SEIN DE CLIMALIFE :<\/span><\/p>\n<p><b><br \/>AUTRES POSTES A POURVOIR AU SEIN DU GROUPE DEHON : <\/b><\/p>\n<p><\/p>\n","protected":false},"excerpt":{"rendered":"<p>Bienvenue sur l&#8217;espace Ressources Humaines de CLIMALIFE Rejoindre Climalife, c&#8217;est&#8230;<\/p>\n","protected":false},"author":0,"featured_media":0,"parent":0,"menu_order":0,"comment_status":"closed","ping_status":"closed","template":"","meta":{"footnotes":""},"class_list":["post-183697","page","type-page","status-publish","hentry"],"rankMath":{"parentDomain":"climalife.com","noFollowDomains":[],"noFollowExcludeDomains":[],"noFollowExternalLinks":false,"featuredImageNotice":"The featured image should be at least 200 by 200 pixels to be picked up by Facebook and other social media sites.","pluginReviewed":false,"postSettings":{"linkSuggestions":true,"useFocusKeyword":false},"frontEndScore":false,"postName":"climalife-recrute","permalinkFormat":"https:\/\/climalife.com\/ru\/%pagename%\/","showLockModifiedDate":true,"assessor":{"focusKeywordLink":"https:\/\/climalife.com\/wp-admin\/edit.php?focus_keyword=%focus_keyword%&post_type=%post_type%","hasTOCPlugin":false,"primaryTaxonomy":false,"serpData":{"title":"","description":"","focusKeywords":"","pillarContent":false,"canonicalUrl":"","breadcrumbTitle":"","advancedRobots":{"max-snippet":"-1","max-video-preview":"-1","max-image-preview":"large"},"facebookTitle":"","facebookDescription":"","facebookImage":"","facebookImageID":"","facebookHasOverlay":false,"facebookImageOverlay":"","facebookAuthor":"","twitterCardType":"","twitterUseFacebook":true,"twitterTitle":"","twitterDescription":"","twitterImage":"","twitterImageID":"","twitterHasOverlay":false,"twitterImageOverlay":"","twitterPlayerUrl":"","twitterPlayerSize":"","twitterPlayerStream":"","twitterPlayerStreamCtype":"","twitterAppDescription":"","twitterAppIphoneName":"","twitterAppIphoneID":"","twitterAppIphoneUrl":"","twitterAppIpadName":"","twitterAppIpadID":"","twitterAppIpadUrl":"","twitterAppGoogleplayName":"","twitterAppGoogleplayID":"","twitterAppGoogleplayUrl":"","twitterAppCountry":"","robots":{"index":true},"twitterAuthor":"username","primaryTerm":0,"authorName":"","titleTemplate":"%title% %sep% %sitename%","descriptionTemplate":"%excerpt%","showScoreFrontend":true,"lockModifiedDate":false},"powerWords":[],"diacritics":{"A":"[\\u0410\\u0430]","B":"[\\u0411\\u0431]","V":"[\\u0412\\u0432]","G":"[\\u0413\\u0433]","D":"[\\u0414\\u0434]","YE":"[\\u0415\\u0435]","YO":"[\\u0401\\u0451]","ZH":"[\\u0416\\u0436]","Z":"[\\u0417\\u0437]","EE":"[\\u0418\\u0438]","YI":"[\\u0419\\u0439]","K":"[\\u041A\\u043A]","L":"[\\u041B\\u043B]","M":"[\\u041C\\u043c]","P":"[\\u041F\\u043F]","T":"[\\u0422\\u0442]","U":"[\\u0423\\u0443]","F":"[\\u0424\\u0444]","H":"[\\u0425\\u0445]","TS":"[\\u0426\\u0446]","CH":"[\\u0427\\u0447]","SH":"[\\u0428\\u0448\\u0429\\u0449]","I":"[\\u042B\\u044B]","E":"[\\u042D\\u044D]","YU":"[\\u042E\\u044E]","YA":"[\\u042F\\u044F]","N":"[\\u041D\\u043D]"},"researchesTests":["contentHasTOC","contentHasShortParagraphs","contentHasAssets","keywordInTitle","keywordInMetaDescription","keywordInPermalink","keywordIn10Percent","keywordInContent","keywordInSubheadings","keywordInImageAlt","keywordDensity","keywordNotUsed","lengthContent","lengthPermalink","linksHasInternal","linksHasExternals","linksNotAllExternals","titleStartWithKeyword","titleSentiment","titleHasPowerWords","titleHasNumber","hasContentAI"],"hasRedirection":false,"hasBreadcrumb":false},"homeUrl":"https:\/\/climalife.com\/ru\/","objectID":183697,"objectType":"post","locale":"ru","localeFull":"ru_RU","overlayImages":{"play":{"name":"Play icon","url":"https:\/\/climalife.com\/wp-content\/plugins\/seo-by-rank-math\/assets\/admin\/img\/icon-play.png","path":"\/data\/vhosts\/climalife\/wp-content\/plugins\/seo-by-rank-math\/assets\/admin\/img\/icon-play.png","position":"middle_center"},"gif":{"name":"GIF icon","url":"https:\/\/climalife.com\/wp-content\/plugins\/seo-by-rank-math\/assets\/admin\/img\/icon-gif.png","path":"\/data\/vhosts\/climalife\/wp-content\/plugins\/seo-by-rank-math\/assets\/admin\/img\/icon-gif.png","position":"middle_center"}},"defautOgImage":"https:\/\/climalife.com\/wp-content\/plugins\/seo-by-rank-math\/assets\/admin\/img\/social-placeholder.jpg","customPermalinks":true,"isUserRegistered":true,"autoSuggestKeywords":true,"connectSiteUrl":"https:\/\/rankmath.com\/auth?site=https%3A%2F%2Fclimalife.com%2Fru%2F&r=https%3A%2F%2Fclimalife.com%2Fru%2Fwp-json%2Fwp%2Fv2%2Fpages%2F183697%3Fnonce%3Df8337b5f56","maxTags":5,"trendsIcon":"<svg viewBox=\"0 0 610 610\"><path d=\"M18.85,446,174.32,290.48l58.08,58.08L76.93,504a14.54,14.54,0,0,1-20.55,0L18.83,466.48a14.54,14.54,0,0,1,0-20.55Z\" style=\"fill:#4285f4\"\/><path d=\"M242.65,242.66,377.59,377.6l-47.75,47.75a14.54,14.54,0,0,1-20.55,0L174.37,290.43l47.75-47.75A14.52,14.52,0,0,1,242.65,242.66Z\" style=\"fill:#ea4335\"\/><polygon points=\"319.53 319.53 479.26 159.8 537.34 217.88 377.61 377.62 319.53 319.53\" style=\"fill:#fabb05\"\/><path d=\"M594.26,262.73V118.61h0a16.94,16.94,0,0,0-16.94-16.94H433.2a16.94,16.94,0,0,0-12,28.92L565.34,274.71h0a16.94,16.94,0,0,0,28.92-12Z\" style=\"fill:#34a853\"\/><rect width=\"610\" height=\"610\" style=\"fill:none\"\/><\/svg>","showScore":true,"siteFavIcon":"https:\/\/climalife.com\/wp-content\/uploads\/2022\/09\/cropped-favicon-32x32.png","canUser":{"general":false,"advanced":false,"snippet":false,"social":false,"analysis":false,"analytics":false,"content_ai":false},"showKeywordIntent":true,"isPro":false,"is_front_page":false,"trendsUpgradeLink":"https:\/\/rankmath.com\/pricing\/?utm_source=Plugin&utm_medium=CE%20General%20Tab%20Trends&utm_campaign=WP","trendsUpgradeLabel":"Upgrade","trendsPreviewImage":"https:\/\/climalife.com\/wp-content\/plugins\/seo-by-rank-math\/assets\/admin\/img\/trends-preview.jpg","currentEditor":false,"homepageData":{"assessor":{"powerWords":[],"diacritics":true,"researchesTests":["contentHasTOC","contentHasShortParagraphs","contentHasAssets","keywordInTitle","keywordInMetaDescription","keywordInPermalink","keywordIn10Percent","keywordInContent","keywordInSubheadings","keywordInImageAlt","keywordDensity","keywordNotUsed","lengthContent","lengthPermalink","linksHasInternal","linksHasExternals","linksNotAllExternals","titleStartWithKeyword","titleSentiment","titleHasPowerWords","titleHasNumber","hasContentAI"],"hasBreadcrumb":false,"serpData":{"title":"%sitename% %page% %sep% %sitedesc%","description":"","titleTemplate":"%sitename% %page% %sep% %sitedesc%","descriptionTemplate":"","focusKeywords":"","breadcrumbTitle":"Home","robots":{"index":true},"advancedRobots":{"max-snippet":"-1","max-video-preview":"-1","max-image-preview":"large"},"facebookTitle":"","facebookDescription":"","facebookImage":"","facebookImageID":""}}},"tocTitle":"Table of Contents","tocExcludeHeadings":[],"listStyle":"ul"},"_links":{"self":[{"href":"https:\/\/climalife.com\/ru\/wp-json\/wp\/v2\/pages\/183697","targetHints":{"allow":["GET"]}}],"collection":[{"href":"https:\/\/climalife.com\/ru\/wp-json\/wp\/v2\/pages"}],"about":[{"href":"https:\/\/climalife.com\/ru\/wp-json\/wp\/v2\/types\/page"}],"replies":[{"embeddable":true,"href":"https:\/\/climalife.com\/ru\/wp-json\/wp\/v2\/comments?post=183697"}],"version-history":[{"count":1,"href":"https:\/\/climalife.com\/ru\/wp-json\/wp\/v2\/pages\/183697\/revisions"}],"predecessor-version":[{"id":183698,"href":"https:\/\/climalife.com\/ru\/wp-json\/wp\/v2\/pages\/183697\/revisions\/183698"}],"wp:attachment":[{"href":"https:\/\/climalife.com\/ru\/wp-json\/wp\/v2\/media?parent=183697"}],"curies":[{"name":"wp","href":"https:\/\/api.w.org\/{rel}","templated":true}]}}